{"id":6,"date":"2018-09-05T17:27:06","date_gmt":"2018-09-05T16:27:06","guid":{"rendered":"http:\/\/ksv-rodgau.de\/?page_id=6"},"modified":"2019-02-10T13:58:39","modified_gmt":"2019-02-10T12:58:39","slug":"verein","status":"publish","type":"page","link":"https:\/\/ksv-rodgau.de\/?page_id=6","title":{"rendered":"Verein"},"content":{"rendered":"\n<p>Der Verein KSV Rodgau e.V. wurde am 10.03.2018 gegr\u00fcndet und ist am 16.05.2018 ins Vereinsregister eingetragen worden. Die Gr\u00fcndungsmitglieder sind Markus R\u00f6mer, Alfredo Velasco, Karsten Kockmann, Mathias Peter, Christel Peter, Klaus Peter und Stephen Peter. Wir bieten vorerst Taekwondo und Selbstverteidigung zu verschiedenen Terminen an. Eine Erweiterung des Angebots ist in Planung. Kinder, Jugendliche und Erwachsene jeden Geschlechts sind herzlich willkommen. <\/p>\n\n\n\n<p>Zweck des Vereins\nist die F\u00f6rderung des Sports, die Wahrung und die F\u00f6rderung der weltweiten Tae\nKwon Do Kultur und artverwandter Sportarten und ihre Weitergabe an alle\nMitglieder. Weiterhin bem\u00fcht sich der Verein, die Integration von Kindern und\nJugendlichen mit Migrationshintergrund zu f\u00f6rdern. Der Sport dient der\nGewaltpr\u00e4vention, der Vermittlung von Idealen, wie: Respekt, P\u00fcnktlichkeit und\nEinhalten der Regeln. Die besondere Aufmerksamkeit gilt in diesem Sinne den\nKindern und Jugendlichen.<\/p>\n","protected":false},"excerpt":{"rendered":"<p>Der Verein KSV Rodgau e.V. wurde am 10.03.2018 gegr\u00fcndet und ist am 16.05.2018 ins Vereinsregister eingetragen worden. Die Gr\u00fcndungsmitglieder sind Markus R\u00f6mer, Alfredo Velasco, Karsten Kockmann, Mathias Peter, Christel Peter, Klaus Peter und Stephen Peter. Wir bieten vorerst Taekwondo und Selbstverteidigung zu verschiedenen Terminen an. Eine Erweiterung des Angebots ist in Planung. Kinder, Jugendliche und [&hellip;]<\/p>\n","protected":false},"author":1,"featured_media":9,"parent":0,"menu_order":0,"comment_status":"closed","ping_status":"closed","template":"fullwidth.php","meta":{"footnotes":""},"_links":{"self":[{"href":"https:\/\/ksv-rodgau.de\/index.php?rest_route=\/wp\/v2\/pages\/6"}],"collection":[{"href":"https:\/\/ksv-rodgau.de\/index.php?rest_route=\/wp\/v2\/pages"}],"about":[{"href":"https:\/\/ksv-rodgau.de\/index.php?rest_route=\/wp\/v2\/types\/page"}],"author":[{"embeddable":true,"href":"https:\/\/ksv-rodgau.de\/index.php?rest_route=\/wp\/v2\/users\/1"}],"replies":[{"embeddable":true,"href":"https:\/\/ksv-rodgau.de\/index.php?rest_route=%2Fwp%2Fv2%2Fcomments&post=6"}],"version-history":[{"count":4,"href":"https:\/\/ksv-rodgau.de\/index.php?rest_route=\/wp\/v2\/pages\/6\/revisions"}],"predecessor-version":[{"id":61,"href":"https:\/\/ksv-rodgau.de\/index.php?rest_route=\/wp\/v2\/pages\/6\/revisions\/61"}],"wp:featuredmedia":[{"embeddable":true,"href":"https:\/\/ksv-rodgau.de\/index.php?rest_route=\/wp\/v2\/media\/9"}],"wp:attachment":[{"href":"https:\/\/ksv-rodgau.de\/index.php?rest_route=%2Fwp%2Fv2%2Fmedia&parent=6"}],"curies":[{"name":"wp","href":"https:\/\/api.w.org\/{rel}","templated":true}]}}