{"id":34,"date":"2018-09-07T17:44:56","date_gmt":"2018-09-07T16:44:56","guid":{"rendered":"http:\/\/ksv-rodgau.de\/?page_id=34"},"modified":"2019-02-10T14:01:48","modified_gmt":"2019-02-10T13:01:48","slug":"taekwondo","status":"publish","type":"page","link":"https:\/\/ksv-rodgau.de\/?page_id=34","title":{"rendered":"Taekwondo"},"content":{"rendered":"\n<p>Tae Kwon Do ist eine koreanische Kampfkunst, die auch als Kampfsport ausge\u00fcbt wird. Seit dem Jahr 2000 ist Tae Kwon Do eine olympische Disziplin. Tae Kwon Do unterscheidet sich in einigen wesentlichen Punkten von anderen Kampfsportarten, da die Techniken \u00fcberwiegend auf Schnelligkeit und Dynamik ausgelegt sind. Im Tae Kwon Do dominieren Fu\u00dftechniken deutlicher, als in vergleichbaren Kampfsportarten. <br> Durch kontinuierliches Training werden die Konzentration, Kraft, Durchhalteverm\u00f6gen, Selbstvertrauen, Reaktionsgeschwindigkeit, Schnelligkeit und Selbstsicherheit gest\u00e4rkt. <\/p>\n\n\n\n<p>Unsere Meister und Gro\u00dfmeister sind seit Jahren erfahrene Trainer mit \u00dcbungsleiterlizenzen vom Landesportbund Hessen im Bereich Kinder und Jugendliche, sowie Sport in der Gewaltpr\u00e4vention.  <br><\/p>\n","protected":false},"excerpt":{"rendered":"<p>Tae Kwon Do ist eine koreanische Kampfkunst, die auch als Kampfsport ausge\u00fcbt wird. Seit dem Jahr 2000 ist Tae Kwon Do eine olympische Disziplin. Tae Kwon Do unterscheidet sich in einigen wesentlichen Punkten von anderen Kampfsportarten, da die Techniken \u00fcberwiegend auf Schnelligkeit und Dynamik ausgelegt sind. Im Tae Kwon Do dominieren Fu\u00dftechniken deutlicher, als in [&hellip;]<\/p>\n","protected":false},"author":1,"featured_media":0,"parent":19,"menu_order":0,"comment_status":"closed","ping_status":"closed","template":"","meta":{"footnotes":""},"_links":{"self":[{"href":"https:\/\/ksv-rodgau.de\/index.php?rest_route=\/wp\/v2\/pages\/34"}],"collection":[{"href":"https:\/\/ksv-rodgau.de\/index.php?rest_route=\/wp\/v2\/pages"}],"about":[{"href":"https:\/\/ksv-rodgau.de\/index.php?rest_route=\/wp\/v2\/types\/page"}],"author":[{"embeddable":true,"href":"https:\/\/ksv-rodgau.de\/index.php?rest_route=\/wp\/v2\/users\/1"}],"replies":[{"embeddable":true,"href":"https:\/\/ksv-rodgau.de\/index.php?rest_route=%2Fwp%2Fv2%2Fcomments&post=34"}],"version-history":[{"count":4,"href":"https:\/\/ksv-rodgau.de\/index.php?rest_route=\/wp\/v2\/pages\/34\/revisions"}],"predecessor-version":[{"id":64,"href":"https:\/\/ksv-rodgau.de\/index.php?rest_route=\/wp\/v2\/pages\/34\/revisions\/64"}],"up":[{"embeddable":true,"href":"https:\/\/ksv-rodgau.de\/index.php?rest_route=\/wp\/v2\/pages\/19"}],"wp:attachment":[{"href":"https:\/\/ksv-rodgau.de\/index.php?rest_route=%2Fwp%2Fv2%2Fmedia&parent=34"}],"curies":[{"name":"wp","href":"https:\/\/api.w.org\/{rel}","templated":true}]}}